{"id":34,"date":"2026-01-22T11:56:36","date_gmt":"2026-01-22T10:56:36","guid":{"rendered":"https:\/\/tempsdubienetre.fr\/?page_id=34"},"modified":"2026-03-08T12:44:14","modified_gmt":"2026-03-08T11:44:14","slug":"accueil-2","status":"publish","type":"page","link":"https:\/\/tempsdubienetre.fr\/","title":{"rendered":"Accueil"},"content":{"rendered":"\t\t<div data-elementor-type=\"wp-post\" data-elementor-id=\"34\" class=\"elementor elementor-34\" data-elementor-post-type=\"page\">\n\t\t\t\t<div class=\"elementor-element elementor-element-de066b4 e-flex e-con-boxed e-con e-parent\" data-id=\"de066b4\" data-element_type=\"container\" data-e-type=\"container\">\n\t\t\t\t\t<div class=\"e-con-inner\">\n\t\t\t\t<div class=\"elementor-element elementor-element-819a641 elementor-widget elementor-widget-text-editor\" data-id=\"819a641\" data-element_type=\"widget\" data-e-type=\"widget\" data-widget_type=\"text-editor.default\">\n\t\t\t\t\t\t\t\t\t<h2>L&#8217;association Temps du Bien-Etre<\/h2><p>Et si on vous en disait un peu plus sur l&#8217;association Temps du Bien-\u00catre ?<\/p><p>Le Temps du Bien-\u00catre est une association qui invite chacun.e \u00e0 <span style=\"color: #0197b3;\"><strong>prendre soin de soi.<\/strong><\/span><\/p><div><div><div><p>\u00c0 travers des ateliers et \u00e9v\u00e9nements autour du bien-\u00eatre, nous souhaitons cr\u00e9er des <span style=\"color: #0197b3;\"><strong>espaces de d\u00e9couverte, de douceur et de reconnexion \u00e0 soi, accessibles \u00e0 tous.<\/strong><\/span><\/p><\/div><\/div><\/div><p>Nous avons \u00e0 c\u0153ur de proposer des formats o\u00f9 chacun.e peut se sentir \u00e0 sa place.<\/p><p><span style=\"font-weight: 400;\">Participer \u00e0 un \u00e9v\u00e9nement du Temps du Bien-\u00catre, c\u2019est :<\/span><\/p><ul><li style=\"font-weight: 400;\" aria-level=\"1\"><strong><span style=\"color: #fda300;\">s\u2019accorder une pause<\/span><\/strong><\/li><li style=\"font-weight: 400;\" aria-level=\"1\"><strong><span style=\"color: #fda300;\">d\u00e9couvrir<\/span> <span style=\"color: #fda300;\">de nouvelles pratiques<\/span><\/strong><\/li><\/ul><p>\u00a0<\/p><p><span style=\"font-weight: 400;\">Tout au long de l\u2019ann\u00e9e, nous proposons des ateliers et des week-ends bien-\u00eatre pour vous accompagner dans ces moments de pause et de d\u00e9couverte.<\/span><\/p><h2><span style=\"color: #4ca545;\">Osez faire un pas vers votre mieux-\u00eatre !<\/span><\/h2>\t\t\t\t\t\t\t\t<\/div>\n\t\t\t\t\t<\/div>\n\t\t\t\t<\/div>\n\t\t<div class=\"elementor-element elementor-element-eb2e369 e-flex e-con-boxed e-con e-parent\" data-id=\"eb2e369\" data-element_type=\"container\" data-e-type=\"container\">\n\t\t\t\t\t<div class=\"e-con-inner\">\n\t\t\t\t<div class=\"elementor-element elementor-element-0e86678 elementor-grid-2 elementor-grid-tablet-2 elementor-grid-mobile-1 elementor-posts--thumbnail-top elementor-widget elementor-widget-posts\" data-id=\"0e86678\" data-element_type=\"widget\" data-e-type=\"widget\" data-settings=\"{&quot;pagination_type&quot;:&quot;numbers&quot;,&quot;classic_columns&quot;:&quot;2&quot;,&quot;classic_columns_tablet&quot;:&quot;2&quot;,&quot;classic_columns_mobile&quot;:&quot;1&quot;,&quot;classic_row_gap&quot;:{&quot;unit&quot;:&quot;px&quot;,&quot;size&quot;:35,&quot;sizes&quot;:[]},&quot;classic_row_gap_tablet&quot;:{&quot;unit&quot;:&quot;px&quot;,&quot;size&quot;:&quot;&quot;,&quot;sizes&quot;:[]},&quot;classic_row_gap_mobile&quot;:{&quot;unit&quot;:&quot;px&quot;,&quot;size&quot;:&quot;&quot;,&quot;sizes&quot;:[]}}\" data-widget_type=\"posts.classic\">\n\t\t\t\t<div class=\"elementor-widget-container\">\n\t\t\t\t\t\t\t<div class=\"elementor-posts-container elementor-posts elementor-posts--skin-classic elementor-grid\" role=\"list\">\n\t\t\t\t<article class=\"elementor-post elementor-grid-item post-356 post type-post status-publish format-standard has-post-thumbnail hentry category-ateliers2026 category-futur\" role=\"listitem\">\n\t\t\t\t<a class=\"elementor-post__thumbnail__link\" href=\"https:\/\/tempsdubienetre.fr\/index.php\/2026\/03\/05\/ateliers-d-avril-2026\/\" tabindex=\"-1\" >\n\t\t\t<div class=\"elementor-post__thumbnail\"><img fetchpriority=\"high\" decoding=\"async\" width=\"1080\" height=\"1920\" src=\"https:\/\/tempsdubienetre.fr\/wp-content\/uploads\/2026\/03\/1.webp\" class=\"attachment-full size-full wp-image-365\" alt=\"\" srcset=\"https:\/\/tempsdubienetre.fr\/wp-content\/uploads\/2026\/03\/1.webp 1080w, https:\/\/tempsdubienetre.fr\/wp-content\/uploads\/2026\/03\/1-169x300.webp 169w, https:\/\/tempsdubienetre.fr\/wp-content\/uploads\/2026\/03\/1-576x1024.webp 576w, https:\/\/tempsdubienetre.fr\/wp-content\/uploads\/2026\/03\/1-768x1365.webp 768w, https:\/\/tempsdubienetre.fr\/wp-content\/uploads\/2026\/03\/1-864x1536.webp 864w\" sizes=\"(max-width: 1080px) 100vw, 1080px\" \/><\/div>\n\t\t<\/a>\n\t\t\t\t<div class=\"elementor-post__text\">\n\t\t\t\t<h1 class=\"elementor-post__title\">\n\t\t\t<a href=\"https:\/\/tempsdubienetre.fr\/index.php\/2026\/03\/05\/ateliers-d-avril-2026\/\" >\n\t\t\t\tAteliers d&#8217;avril 2026\t\t\t<\/a>\n\t\t<\/h1>\n\t\t\t\t<div class=\"elementor-post__meta-data\">\n\t\t\t\t\t<span class=\"elementor-post-date\">\n\t\t\t5 March 2026\t\t<\/span>\n\t\t\t\t<span class=\"elementor-post-avatar\">\n\t\t\tNo Comments\t\t<\/span>\n\t\t\t\t<\/div>\n\t\t\n\t\t<a class=\"elementor-post__read-more\" href=\"https:\/\/tempsdubienetre.fr\/index.php\/2026\/03\/05\/ateliers-d-avril-2026\/\" aria-label=\"Read more about Ateliers d&#8217;avril 2026\" tabindex=\"-1\" >\n\t\t\tLire plus \u00bb\t\t<\/a>\n\n\t\t\t\t<\/div>\n\t\t\t\t<\/article>\n\t\t\t\t<article class=\"elementor-post elementor-grid-item post-401 post type-post status-publish format-standard has-post-thumbnail hentry category-ateliers2026 category-futur\" role=\"listitem\">\n\t\t\t\t<a class=\"elementor-post__thumbnail__link\" href=\"https:\/\/tempsdubienetre.fr\/index.php\/2026\/03\/08\/ateliers-d-avril-2026-2\/\" tabindex=\"-1\" >\n\t\t\t<div class=\"elementor-post__thumbnail\"><img decoding=\"async\" width=\"1080\" height=\"1920\" src=\"https:\/\/tempsdubienetre.fr\/wp-content\/uploads\/2026\/03\/1-2.webp\" class=\"attachment-full size-full wp-image-425\" alt=\"\" srcset=\"https:\/\/tempsdubienetre.fr\/wp-content\/uploads\/2026\/03\/1-2.webp 1080w, https:\/\/tempsdubienetre.fr\/wp-content\/uploads\/2026\/03\/1-2-169x300.webp 169w, https:\/\/tempsdubienetre.fr\/wp-content\/uploads\/2026\/03\/1-2-576x1024.webp 576w, https:\/\/tempsdubienetre.fr\/wp-content\/uploads\/2026\/03\/1-2-768x1365.webp 768w, https:\/\/tempsdubienetre.fr\/wp-content\/uploads\/2026\/03\/1-2-864x1536.webp 864w\" sizes=\"(max-width: 1080px) 100vw, 1080px\" \/><\/div>\n\t\t<\/a>\n\t\t\t\t<div class=\"elementor-post__text\">\n\t\t\t\t<h1 class=\"elementor-post__title\">\n\t\t\t<a href=\"https:\/\/tempsdubienetre.fr\/index.php\/2026\/03\/08\/ateliers-d-avril-2026-2\/\" >\n\t\t\t\tAteliers de juin 2026\t\t\t<\/a>\n\t\t<\/h1>\n\t\t\t\t<div class=\"elementor-post__meta-data\">\n\t\t\t\t\t<span class=\"elementor-post-date\">\n\t\t\t8 March 2026\t\t<\/span>\n\t\t\t\t<span class=\"elementor-post-avatar\">\n\t\t\tNo Comments\t\t<\/span>\n\t\t\t\t<\/div>\n\t\t\n\t\t<a class=\"elementor-post__read-more\" href=\"https:\/\/tempsdubienetre.fr\/index.php\/2026\/03\/08\/ateliers-d-avril-2026-2\/\" aria-label=\"Read more about Ateliers de juin 2026\" tabindex=\"-1\" >\n\t\t\tLire plus \u00bb\t\t<\/a>\n\n\t\t\t\t<\/div>\n\t\t\t\t<\/article>\n\t\t\t\t<\/div>\n\t\t\n\t\t\t\t\t\t<\/div>\n\t\t\t\t<\/div>\n\t\t\t\t\t<\/div>\n\t\t\t\t<\/div>\n\t\t\t\t<\/div>\n\t\t","protected":false},"excerpt":{"rendered":"<p>L&#8217;association Temps du Bien-Etre Et si on vous en disait un peu plus sur l&#8217;association Temps du Bien-\u00catre ? Le Temps du Bien-\u00catre est une<\/p>\n","protected":false},"author":1,"featured_media":0,"parent":0,"menu_order":0,"comment_status":"closed","ping_status":"closed","template":"elementor_theme","meta":{"footnotes":""},"class_list":["post-34","page","type-page","status-publish","hentry"],"_links":{"self":[{"href":"https:\/\/tempsdubienetre.fr\/index.php\/wp-json\/wp\/v2\/pages\/34","targetHints":{"allow":["GET"]}}],"collection":[{"href":"https:\/\/tempsdubienetre.fr\/index.php\/wp-json\/wp\/v2\/pages"}],"about":[{"href":"https:\/\/tempsdubienetre.fr\/index.php\/wp-json\/wp\/v2\/types\/page"}],"author":[{"embeddable":true,"href":"https:\/\/tempsdubienetre.fr\/index.php\/wp-json\/wp\/v2\/users\/1"}],"replies":[{"embeddable":true,"href":"https:\/\/tempsdubienetre.fr\/index.php\/wp-json\/wp\/v2\/comments?post=34"}],"version-history":[{"count":90,"href":"https:\/\/tempsdubienetre.fr\/index.php\/wp-json\/wp\/v2\/pages\/34\/revisions"}],"predecessor-version":[{"id":431,"href":"https:\/\/tempsdubienetre.fr\/index.php\/wp-json\/wp\/v2\/pages\/34\/revisions\/431"}],"wp:attachment":[{"href":"https:\/\/tempsdubienetre.fr\/index.php\/wp-json\/wp\/v2\/media?parent=34"}],"curies":[{"name":"wp","href":"https:\/\/api.w.org\/{rel}","templated":true}]}}